{"id":134,"date":"2021-04-26T18:13:51","date_gmt":"2021-04-27T00:13:51","guid":{"rendered":"http:\/\/dllknives.com\/wp\/?post_type=product&#038;p=134"},"modified":"2024-06-08T21:35:28","modified_gmt":"2024-06-09T03:35:28","slug":"134","status":"publish","type":"product","link":"http:\/\/dllknives.com\/wp\/producto\/134\/","title":{"rendered":"SOG Growl"},"content":{"rendered":"<p>El SOG Growl se basa en el popular dise\u00f1o Jason Brous Triple Threat. Cuenta con una hoja tanto gruesa y multifac\u00e9tica con acabado satinado alto. La espina dorsal estriada y las escamas GRN moldeadas ofrecen un excelente agarre y tacto. El Growl viene con una funda de pl\u00e1stico moldeado por inyecci\u00f3n con presilla de nailon para el cintur\u00f3n.<\/p>\n","protected":false},"excerpt":{"rendered":"<p>ESPECIFICACIONES<br \/>\nLongitud total: 20.63 cm<br \/>\nLongitud de la hoja: 9.2 cm<br \/>\nGrosor de la hoja: 63 mm<br \/>\nAcero: 9Cr18MoV<br \/>\nDureza: 58-60 RC<\/p>\n[embed]https:\/\/www.youtube.com\/watch?v=rvzpMGjStXs[\/embed]\n","protected":false},"featured_media":135,"comment_status":"open","ping_status":"closed","template":"","meta":[],"product_cat":[46],"product_tag":[47,68,67,54],"class_list":["post-134","product","type-product","status-publish","has-post-thumbnail","hentry","product_cat-cuchillos","product_tag-cuchillo","product_tag-fixed","product_tag-growl","product_tag-sog"],"_links":{"self":[{"href":"http:\/\/dllknives.com\/wp\/wp-json\/wp\/v2\/product\/134","targetHints":{"allow":["GET"]}}],"collection":[{"href":"http:\/\/dllknives.com\/wp\/wp-json\/wp\/v2\/product"}],"about":[{"href":"http:\/\/dllknives.com\/wp\/wp-json\/wp\/v2\/types\/product"}],"replies":[{"embeddable":true,"href":"http:\/\/dllknives.com\/wp\/wp-json\/wp\/v2\/comments?post=134"}],"wp:featuredmedia":[{"embeddable":true,"href":"http:\/\/dllknives.com\/wp\/wp-json\/wp\/v2\/media\/135"}],"wp:attachment":[{"href":"http:\/\/dllknives.com\/wp\/wp-json\/wp\/v2\/media?parent=134"}],"wp:term":[{"taxonomy":"product_cat","embeddable":true,"href":"http:\/\/dllknives.com\/wp\/wp-json\/wp\/v2\/product_cat?post=134"},{"taxonomy":"product_tag","embeddable":true,"href":"http:\/\/dllknives.com\/wp\/wp-json\/wp\/v2\/product_tag?post=134"}],"curies":[{"name":"wp","href":"https:\/\/api.w.org\/{rel}","templated":true}]}}