{"id":280,"date":"2021-06-17T15:01:05","date_gmt":"2021-06-17T21:01:05","guid":{"rendered":"http:\/\/dllknives.com\/wp\/?post_type=product&#038;p=280"},"modified":"2024-03-03T05:34:38","modified_gmt":"2024-03-03T11:34:38","slug":"hx-outdoors-ak47","status":"publish","type":"product","link":"http:\/\/dllknives.com\/wp\/producto\/hx-outdoors-ak47\/","title":{"rendered":"HX OUTDOORS AK47"},"content":{"rendered":"<p>Principales caracter\u00edsticas:<br \/>\nLa hoja est\u00e1 hecha de acero inoxidable 440C, 58HRC, duradera de usar<br \/>\nMango de fibra compleja K10, con excelentes caracter\u00edsticas a prueba de humedad, antideslizantes y aislantes<br \/>\nMango de dise\u00f1o ergon\u00f3mico, antideslizante y c\u00f3modo de sostener<br \/>\nCon funda de nailon adicional, mejor para proteger el cuchillo y puedes colgarlo en tu cintur\u00f3n.<br \/>\nExcelente mano de obra y forma fresca, el mejor regalo para tus amigos.<\/p>\n","protected":false},"excerpt":{"rendered":"<p>Longitud de la hoja: 9,5 cm<br \/>\nMaterial de la hoja: acero inoxidable 440C<br \/>\nDe color negro<br \/>\nMaterial del mango: fibra compleja K10<br \/>\nDureza: 58 HRC<\/p>\n","protected":false},"featured_media":283,"comment_status":"open","ping_status":"closed","template":"","meta":[],"product_cat":[46],"product_tag":[118,47,68,117,74],"class_list":["post-280","product","type-product","status-publish","has-post-thumbnail","hentry","product_cat-cuchillos","product_tag-ak47","product_tag-cuchillo","product_tag-fixed","product_tag-hx-outdoors","product_tag-tactico"],"_links":{"self":[{"href":"http:\/\/dllknives.com\/wp\/wp-json\/wp\/v2\/product\/280","targetHints":{"allow":["GET"]}}],"collection":[{"href":"http:\/\/dllknives.com\/wp\/wp-json\/wp\/v2\/product"}],"about":[{"href":"http:\/\/dllknives.com\/wp\/wp-json\/wp\/v2\/types\/product"}],"replies":[{"embeddable":true,"href":"http:\/\/dllknives.com\/wp\/wp-json\/wp\/v2\/comments?post=280"}],"wp:featuredmedia":[{"embeddable":true,"href":"http:\/\/dllknives.com\/wp\/wp-json\/wp\/v2\/media\/283"}],"wp:attachment":[{"href":"http:\/\/dllknives.com\/wp\/wp-json\/wp\/v2\/media?parent=280"}],"wp:term":[{"taxonomy":"product_cat","embeddable":true,"href":"http:\/\/dllknives.com\/wp\/wp-json\/wp\/v2\/product_cat?post=280"},{"taxonomy":"product_tag","embeddable":true,"href":"http:\/\/dllknives.com\/wp\/wp-json\/wp\/v2\/product_tag?post=280"}],"curies":[{"name":"wp","href":"https:\/\/api.w.org\/{rel}","templated":true}]}}