{"id":335,"date":"2021-10-06T11:51:11","date_gmt":"2021-10-06T17:51:11","guid":{"rendered":"http:\/\/dllknives.com\/wp\/?post_type=product&#038;p=335"},"modified":"2024-07-07T19:57:38","modified_gmt":"2024-07-08T01:57:38","slug":"ka-bar-bk40","status":"publish","type":"product","link":"http:\/\/dllknives.com\/wp\/producto\/ka-bar-bk40\/","title":{"rendered":"Ka-bar BK40"},"content":{"rendered":"<div id=\"product_sku\" class=\"col\">\n<div id=\"product_skuContainer\">\n<ul>\n<li id=\"proddescription\">\n<div class=\"proddescription\">\n<p>La primera navaja de Becker de KA-BAR, la BK40 est\u00e1 a la altura de los cuchillos Becker de hoja fija. Cuenta con una excelente ergonom\u00eda, una construcci\u00f3n robusta ultra s\u00f3lida y un clip de bolsillo aerodin\u00e1mico que es reversible y se puede usar para llevar hacia arriba o hacia abajo.<\/p>\n<p>Ethan Becker fund\u00f3 Becker Knife &amp; Tool a principios de la d\u00e9cada de 1980 y se dedic\u00f3 a dise\u00f1ar, fabricar y vender los cuchillos t\u00e1cticos y de supervivencia de fuerza industrial que siempre hab\u00eda querido para s\u00ed mismo. Sus productos, la l\u00ednea BK&amp;T, han recorrido un largo camino para hacer que estos cuchillos negros ahora populares tengan una gran demanda.<\/p>\n<p>&nbsp;<\/p>\n<\/div>\n<\/li>\n<\/ul>\n<\/div>\n<\/div>\n","protected":false},"excerpt":{"rendered":"<div>\n<div id=\"product_sku\" class=\"col\">\n<div id=\"product_skuContainer\">\n<ul>\n<li id=\"proddescription\">\n<div class=\"proddescription\">Largo total: 12.07cm<\/div>\n<\/li>\n<li>\n<div class=\"proddescription\">Largo de la hoja: 9.53cm<\/div>\n<\/li>\n<li>\n<div class=\"proddescription\">Acero: AUS-8A<\/div>\n<\/li>\n<li>\n<div class=\"proddescription\">Material de las cachas:GFN<\/div>\n<\/li>\n<\/ul>\n<\/div>\n<\/div>\n<\/div>\n","protected":false},"featured_media":337,"comment_status":"open","ping_status":"closed","template":"","meta":[],"product_cat":[69],"product_tag":[148,145,147,146,73,128,129,70],"class_list":["post-335","product","type-product","status-publish","has-post-thumbnail","hentry","product_cat-navajas","product_tag-148","product_tag-beker","product_tag-bk","product_tag-bk40","product_tag-folding","product_tag-ka-bar","product_tag-kabar","product_tag-navaja"],"_links":{"self":[{"href":"http:\/\/dllknives.com\/wp\/wp-json\/wp\/v2\/product\/335","targetHints":{"allow":["GET"]}}],"collection":[{"href":"http:\/\/dllknives.com\/wp\/wp-json\/wp\/v2\/product"}],"about":[{"href":"http:\/\/dllknives.com\/wp\/wp-json\/wp\/v2\/types\/product"}],"replies":[{"embeddable":true,"href":"http:\/\/dllknives.com\/wp\/wp-json\/wp\/v2\/comments?post=335"}],"wp:featuredmedia":[{"embeddable":true,"href":"http:\/\/dllknives.com\/wp\/wp-json\/wp\/v2\/media\/337"}],"wp:attachment":[{"href":"http:\/\/dllknives.com\/wp\/wp-json\/wp\/v2\/media?parent=335"}],"wp:term":[{"taxonomy":"product_cat","embeddable":true,"href":"http:\/\/dllknives.com\/wp\/wp-json\/wp\/v2\/product_cat?post=335"},{"taxonomy":"product_tag","embeddable":true,"href":"http:\/\/dllknives.com\/wp\/wp-json\/wp\/v2\/product_tag?post=335"}],"curies":[{"name":"wp","href":"https:\/\/api.w.org\/{rel}","templated":true}]}}